{"id":23496,"date":"2023-08-10T17:53:33","date_gmt":"2023-08-10T15:53:33","guid":{"rendered":"https:\/\/adelya.com\/devenez-distributeur\/"},"modified":"2023-08-22T15:59:15","modified_gmt":"2023-08-22T13:59:15","slug":"become-distributor","status":"publish","type":"page","link":"https:\/\/adelya.com\/en\/become-distributor\/","title":{"rendered":"Distributors"},"content":{"rendered":"\t\t<div data-elementor-type=\"wp-page\" data-elementor-id=\"23496\" class=\"elementor elementor-23496 elementor-22617\" data-elementor-settings=\"{&quot;ha_cmc_init_switcher&quot;:&quot;no&quot;}\" data-elementor-post-type=\"page\">\n\t\t\t\t\t\t<section class=\"elementor-section elementor-top-section elementor-element elementor-element-245106fd elementor-section-height-min-height elementor-section-full_width elementor-section-items-top elementor-section-height-default\" data-id=\"245106fd\" data-element_type=\"section\" data-e-type=\"section\" data-settings=\"{&quot;background_background&quot;:&quot;classic&quot;,&quot;shape_divider_bottom&quot;:&quot;waves&quot;}\">\n\t\t\t\t\t\t\t<div class=\"elementor-background-overlay\"><\/div>\n\t\t\t\t\t\t<div class=\"elementor-shape elementor-shape-bottom\" aria-hidden=\"true\" data-negative=\"false\">\n\t\t\t<svg xmlns=\"http:\/\/www.w3.org\/2000\/svg\" viewBox=\"0 0 1000 100\" preserveAspectRatio=\"none\">\n\t<path class=\"elementor-shape-fill\" d=\"M421.9,6.5c22.6-2.5,51.5,0.4,75.5,5.3c23.6,4.9,70.9,23.5,100.5,35.7c75.8,32.2,133.7,44.5,192.6,49.7\n\tc23.6,2.1,48.7,3.5,103.4-2.5c54.7-6,106.2-25.6,106.2-25.6V0H0v30.3c0,0,72,32.6,158.4,30.5c39.2-0.7,92.8-6.7,134-22.4\n\tc21.2-8.1,52.2-18.2,79.7-24.2C399.3,7.9,411.6,7.5,421.9,6.5z\"\/>\n<\/svg>\t\t<\/div>\n\t\t\t\t\t<div class=\"elementor-container elementor-column-gap-default\">\n\t\t\t\t\t<div class=\"elementor-column elementor-col-100 elementor-top-column elementor-element elementor-element-37b62491\" data-id=\"37b62491\" data-element_type=\"column\" data-e-type=\"column\">\n\t\t\t<div class=\"elementor-widget-wrap elementor-element-populated\">\n\t\t\t\t\t\t<div class=\"elementor-element elementor-element-ce14196 elementor-widget elementor-widget-shortcode\" data-id=\"ce14196\" data-element_type=\"widget\" data-e-type=\"widget\" data-widget_type=\"shortcode.default\">\n\t\t\t\t\t\t\t<div class=\"elementor-shortcode\"><div class=\"aioseo-breadcrumbs\"><span class=\"aioseo-breadcrumb\">\n\tAdelya\n<\/span><\/div><\/div>\n\t\t\t\t\t\t<\/div>\n\t\t\t\t<div class=\"elementor-element elementor-element-7bc18de0 elementor-widget elementor-widget-heading\" data-id=\"7bc18de0\" data-element_type=\"widget\" data-e-type=\"widget\" data-widget_type=\"heading.default\">\n\t\t\t\t\t<div class=\"elementor-heading-title elementor-size-default\">BECOME A DISTRIBUTOR<\/div>\t\t\t\t<\/div>\n\t\t\t\t\t<\/div>\n\t\t<\/div>\n\t\t\t\t\t<\/div>\n\t\t<\/section>\n\t\t<div class=\"elementor-element elementor-element-b80c9e6 e-flex e-con-boxed e-con e-parent\" data-id=\"b80c9e6\" data-element_type=\"container\" data-e-type=\"container\">\n\t\t\t\t\t<div class=\"e-con-inner\">\n\t\t\t\t<div class=\"elementor-element elementor-element-fb0ef80 elementor-widget elementor-widget-text-editor\" data-id=\"fb0ef80\" data-element_type=\"widget\" data-e-type=\"widget\" data-widget_type=\"text-editor.default\">\n\t\t\t\t\t\t\t\t\t<h3>Add value to your business by distributing our solution!<\/h3>\nWould you like to do business by reselling Adelya&#8217;s technology directly to your customers? Become a distributor of the Loyalty Operator platform and be sure to offer your customers the right solution!\t\t\t\t\t\t\t\t<\/div>\n\t\t\t\t<div class=\"elementor-element elementor-element-4952945 elementor-widget elementor-widget-image\" data-id=\"4952945\" data-element_type=\"widget\" data-e-type=\"widget\" data-widget_type=\"image.default\">\n\t\t\t\t\t\t\t\t\t\t\t\t\t\t\t<img loading=\"lazy\" decoding=\"async\" width=\"300\" height=\"300\" src=\"https:\/\/adelya.com\/wp-content\/uploads\/2023\/07\/partenaire-solution-fidelisation.jpg\" class=\"attachment-large size-large wp-image-18880\" alt=\"Distributeurs : devenons partenaires fid\u00e9lit\u00e9 !\" srcset=\"https:\/\/adelya.com\/wp-content\/uploads\/2023\/07\/partenaire-solution-fidelisation.jpg 300w, https:\/\/adelya.com\/wp-content\/uploads\/2023\/07\/partenaire-solution-fidelisation-150x150.jpg 150w\" sizes=\"auto, (max-width: 300px) 100vw, 300px\" \/>\t\t\t\t\t\t\t\t\t\t\t\t\t\t\t<\/div>\n\t\t\t\t<div class=\"elementor-element elementor-element-4370371 elementor-widget elementor-widget-text-editor\" data-id=\"4370371\" data-element_type=\"widget\" data-e-type=\"widget\" data-widget_type=\"text-editor.default\">\n\t\t\t\t\t\t\t\t\t<h3>A flexible, easy-to-manage solution<\/h3><p>ADELYA has developed all the tools you need to distribute its technology independently.<br \/>You have access to a customized environment, set up according to your objectives.<\/p><p>The Loyalty Operator platform is multilingual and present in 10 countries.<br \/>Depending on your needs, we can add new languages.<\/p><h4>As a distributor, you can :<\/h4><p>&#8211; Launch an innovative marketing concept in your territory or market<\/p><p>&#8211; Launch an additional solution that complements your products or services<\/p><p>&#8211; Integrate our solution into an existing service to enhance it<\/p>\t\t\t\t\t\t\t\t<\/div>\n\t\t\t\t\t<\/div>\n\t\t\t\t<\/div>\n\t\t<div class=\"elementor-element elementor-element-29179ee0 e-flex e-con-boxed e-con e-parent\" data-id=\"29179ee0\" data-element_type=\"container\" data-e-type=\"container\">\n\t\t\t\t\t<div class=\"e-con-inner\">\n\t\t\t\t<div class=\"elementor-element elementor-element-3485e578 elementor-widget__width-initial elementor-widget-mobile__width-inherit elementor-position-top elementor-widget elementor-widget-image-box\" data-id=\"3485e578\" data-element_type=\"widget\" data-e-type=\"widget\" data-settings=\"{&quot;motion_fx_motion_fx_scrolling&quot;:&quot;yes&quot;,&quot;motion_fx_translateY_effect&quot;:&quot;yes&quot;,&quot;motion_fx_translateY_speed&quot;:{&quot;unit&quot;:&quot;px&quot;,&quot;size&quot;:0.5,&quot;sizes&quot;:[]},&quot;motion_fx_translateY_affectedRange&quot;:{&quot;unit&quot;:&quot;%&quot;,&quot;size&quot;:&quot;&quot;,&quot;sizes&quot;:{&quot;start&quot;:0,&quot;end&quot;:51}},&quot;motion_fx_opacity_effect&quot;:&quot;yes&quot;,&quot;motion_fx_opacity_range&quot;:{&quot;unit&quot;:&quot;%&quot;,&quot;size&quot;:&quot;&quot;,&quot;sizes&quot;:{&quot;start&quot;:0,&quot;end&quot;:53}},&quot;motion_fx_opacity_direction&quot;:&quot;out-in&quot;,&quot;motion_fx_opacity_level&quot;:{&quot;unit&quot;:&quot;px&quot;,&quot;size&quot;:10,&quot;sizes&quot;:[]},&quot;motion_fx_devices&quot;:[&quot;desktop&quot;,&quot;tablet&quot;,&quot;mobile&quot;]}\" data-widget_type=\"image-box.default\">\n\t\t\t\t\t<div class=\"elementor-image-box-wrapper\"><figure class=\"elementor-image-box-img\"><img loading=\"lazy\" decoding=\"async\" width=\"110\" height=\"110\" src=\"https:\/\/adelya.com\/wp-content\/uploads\/2023\/08\/icons_Support-technique.webp\" class=\"attachment-full size-full wp-image-23623\" alt=\"Notre support vous accompagne au quotidien\" \/><\/figure><div class=\"elementor-image-box-content\"><h3 class=\"elementor-image-box-title\">LEVEL 2 TECHNICAL SUPPORT<\/h3><p class=\"elementor-image-box-description\">You market your offer and are responsible for providing 1st level support to your customers. We provide 2nd-level technical support and guarantee the compatibility of our solution with platform upgrades.<\/p><\/div><\/div>\t\t\t\t<\/div>\n\t\t\t\t<div class=\"elementor-element elementor-element-777c3e57 elementor-widget__width-initial elementor-widget-mobile__width-inherit elementor-position-top elementor-widget elementor-widget-image-box\" data-id=\"777c3e57\" data-element_type=\"widget\" data-e-type=\"widget\" data-settings=\"{&quot;motion_fx_motion_fx_scrolling&quot;:&quot;yes&quot;,&quot;motion_fx_translateY_effect&quot;:&quot;yes&quot;,&quot;motion_fx_translateY_speed&quot;:{&quot;unit&quot;:&quot;px&quot;,&quot;size&quot;:0.5,&quot;sizes&quot;:[]},&quot;motion_fx_translateY_affectedRange&quot;:{&quot;unit&quot;:&quot;%&quot;,&quot;size&quot;:&quot;&quot;,&quot;sizes&quot;:{&quot;start&quot;:0,&quot;end&quot;:51}},&quot;motion_fx_opacity_effect&quot;:&quot;yes&quot;,&quot;motion_fx_opacity_range&quot;:{&quot;unit&quot;:&quot;%&quot;,&quot;size&quot;:&quot;&quot;,&quot;sizes&quot;:{&quot;start&quot;:0,&quot;end&quot;:53}},&quot;motion_fx_opacity_direction&quot;:&quot;out-in&quot;,&quot;motion_fx_opacity_level&quot;:{&quot;unit&quot;:&quot;px&quot;,&quot;size&quot;:10,&quot;sizes&quot;:[]},&quot;motion_fx_devices&quot;:[&quot;desktop&quot;,&quot;tablet&quot;,&quot;mobile&quot;]}\" data-widget_type=\"image-box.default\">\n\t\t\t\t\t<div class=\"elementor-image-box-wrapper\"><figure class=\"elementor-image-box-img\"><img loading=\"lazy\" decoding=\"async\" width=\"110\" height=\"110\" src=\"https:\/\/adelya.com\/wp-content\/uploads\/2023\/08\/icons_Adapte.webp\" class=\"attachment-full size-full wp-image-23619\" alt=\"Notre solution permet une grande flexibilit\u00e9 dans la mod\u00e9lisation de votre programme fid\u00e9lit\u00e9\" \/><\/figure><div class=\"elementor-image-box-content\"><h3 class=\"elementor-image-box-title\">YOUR TERRITORY, YOUR MODEL<\/h3><p class=\"elementor-image-box-description\">We contractualize a partnership and build your offer and your concept so that you are autonomous in your customer relations. You remain the direct contact for your customers, and are free to market the platform.\n\nTechnically, the product is distributed as a \"grey\" brand. It's your brand that's primarily promoted, with minimal reference to the technology used.<\/p><\/div><\/div>\t\t\t\t<\/div>\n\t\t\t\t<div class=\"elementor-element elementor-element-6c32ddf elementor-widget__width-initial elementor-widget-mobile__width-inherit elementor-position-top elementor-widget elementor-widget-image-box\" data-id=\"6c32ddf\" data-element_type=\"widget\" data-e-type=\"widget\" data-settings=\"{&quot;motion_fx_motion_fx_scrolling&quot;:&quot;yes&quot;,&quot;motion_fx_translateY_effect&quot;:&quot;yes&quot;,&quot;motion_fx_translateY_speed&quot;:{&quot;unit&quot;:&quot;px&quot;,&quot;size&quot;:0.5,&quot;sizes&quot;:[]},&quot;motion_fx_translateY_affectedRange&quot;:{&quot;unit&quot;:&quot;%&quot;,&quot;size&quot;:&quot;&quot;,&quot;sizes&quot;:{&quot;start&quot;:0,&quot;end&quot;:53}},&quot;motion_fx_opacity_effect&quot;:&quot;yes&quot;,&quot;motion_fx_opacity_range&quot;:{&quot;unit&quot;:&quot;%&quot;,&quot;size&quot;:&quot;&quot;,&quot;sizes&quot;:{&quot;start&quot;:0,&quot;end&quot;:52}},&quot;motion_fx_opacity_direction&quot;:&quot;out-in&quot;,&quot;motion_fx_opacity_level&quot;:{&quot;unit&quot;:&quot;px&quot;,&quot;size&quot;:10,&quot;sizes&quot;:[]},&quot;motion_fx_devices&quot;:[&quot;desktop&quot;,&quot;tablet&quot;,&quot;mobile&quot;]}\" data-widget_type=\"image-box.default\">\n\t\t\t\t\t<div class=\"elementor-image-box-wrapper\"><figure class=\"elementor-image-box-img\"><img loading=\"lazy\" decoding=\"async\" width=\"110\" height=\"110\" src=\"https:\/\/adelya.com\/wp-content\/uploads\/2023\/08\/icons_Business-model-attractif.webp\" class=\"attachment-full size-full wp-image-23621\" alt=\"Construisons ensemble un Business Model mutuellement profitable\" \/><\/figure><div class=\"elementor-image-box-content\"><h3 class=\"elementor-image-box-title\">A MOTIVATING BUSINESS MODEL<\/h3><p class=\"elementor-image-box-description\">The distributor's contract price is set jointly and according to your distribution model. For your part, you are free to define resale prices in your market. You charge a monthly rent to your customers, so that your income grows with your customer base. Depending on your commercial investment, you can quickly build up high volumes (one of our distributors recruited over 600 stores into his network in just 1 year, with good added value and good results).<\/p><\/div><\/div>\t\t\t\t<\/div>\n\t\t\t\t\t<\/div>\n\t\t\t\t<\/div>\n\t\t\t\t<\/div>\n\t\t","protected":false},"excerpt":{"rendered":"<p>BECOME A DISTRIBUTOR Add value to your business by distributing our solution! Would you like to do business by reselling Adelya&#8217;s technology directly to your customers? Become a distributor of the Loyalty Operator platform and be sure to offer your customers the right solution! A flexible, easy-to-manage solution ADELYA has developed all the tools you [&hellip;]<\/p>\n","protected":false},"author":2,"featured_media":0,"parent":0,"menu_order":0,"comment_status":"closed","ping_status":"closed","template":"","meta":{"footnotes":""},"class_list":["post-23496","page","type-page","status-publish","hentry"],"aioseo_notices":[],"_links":{"self":[{"href":"https:\/\/adelya.com\/en\/wp-json\/wp\/v2\/pages\/23496","targetHints":{"allow":["GET"]}}],"collection":[{"href":"https:\/\/adelya.com\/en\/wp-json\/wp\/v2\/pages"}],"about":[{"href":"https:\/\/adelya.com\/en\/wp-json\/wp\/v2\/types\/page"}],"author":[{"embeddable":true,"href":"https:\/\/adelya.com\/en\/wp-json\/wp\/v2\/users\/2"}],"replies":[{"embeddable":true,"href":"https:\/\/adelya.com\/en\/wp-json\/wp\/v2\/comments?post=23496"}],"version-history":[{"count":5,"href":"https:\/\/adelya.com\/en\/wp-json\/wp\/v2\/pages\/23496\/revisions"}],"predecessor-version":[{"id":23890,"href":"https:\/\/adelya.com\/en\/wp-json\/wp\/v2\/pages\/23496\/revisions\/23890"}],"wp:attachment":[{"href":"https:\/\/adelya.com\/en\/wp-json\/wp\/v2\/media?parent=23496"}],"curies":[{"name":"wp","href":"https:\/\/api.w.org\/{rel}","templated":true}]}}